{"id":139,"date":"2025-10-15T13:41:26","date_gmt":"2025-10-15T16:41:26","guid":{"rendered":"https:\/\/www.srsembalagens.com.br\/site\/?page_id=139"},"modified":"2026-01-21T09:49:13","modified_gmt":"2026-01-21T12:49:13","slug":"quem-somos","status":"publish","type":"page","link":"https:\/\/www.srsembalagens.com.br\/site\/quem-somos\/","title":{"rendered":"Quem somos"},"content":{"rendered":"\t\t<div data-elementor-type=\"wp-page\" data-elementor-id=\"139\" class=\"elementor elementor-139\" data-elementor-post-type=\"page\">\n\t\t\t\t<div class=\"elementor-element elementor-element-8f276cd e-flex e-con-boxed e-con e-parent\" data-id=\"8f276cd\" data-element_type=\"container\" data-settings=\"{&quot;background_background&quot;:&quot;classic&quot;}\">\n\t\t\t\t\t<div class=\"e-con-inner\">\n\t\t\t\t\t<\/div>\n\t\t\t\t<\/div>\n\t\t<div class=\"elementor-element elementor-element-472b4c6 e-flex e-con-boxed e-con e-parent\" data-id=\"472b4c6\" data-element_type=\"container\">\n\t\t\t\t\t<div class=\"e-con-inner\">\n\t\t<div class=\"elementor-element elementor-element-07c36eb e-con-full e-flex e-con e-child\" data-id=\"07c36eb\" data-element_type=\"container\">\n\t\t\t\t<div class=\"elementor-element elementor-element-81715b8 elementor-widget elementor-widget-heading\" data-id=\"81715b8\" data-element_type=\"widget\" data-widget_type=\"heading.default\">\n\t\t\t\t\t<h6 class=\"elementor-heading-title elementor-size-default\">Quem somos<\/h6>\t\t\t\t<\/div>\n\t\t\t\t<div class=\"elementor-element elementor-element-3532e76 elementor-widget elementor-widget-heading\" data-id=\"3532e76\" data-element_type=\"widget\" data-widget_type=\"heading.default\">\n\t\t\t\t\t<h2 class=\"elementor-heading-title elementor-size-default\">Mais de 30 anos embalando hist\u00f3rias de sucesso\n<\/h2>\t\t\t\t<\/div>\n\t\t\t\t<div class=\"elementor-element elementor-element-b05ec00 elementor-widget elementor-widget-text-editor\" data-id=\"b05ec00\" data-element_type=\"widget\" data-widget_type=\"text-editor.default\">\n\t\t\t\t\t\t\t\t\t<p class=\"p1\">Desde 1994, a <span class=\"s1\"><b>SRS Embalagens<\/b><\/span> se dedica a desenvolver solu\u00e7\u00f5es em embalagens pl\u00e1sticas que unem <span class=\"s1\"><b>design, funcionalidade e qualidade<\/b><\/span>.<br \/>Nosso compromisso vai al\u00e9m da produ\u00e7\u00e3o: buscamos ser <span class=\"s1\"><b>parceiros estrat\u00e9gicos<\/b><\/span>, ajudando nossos clientes a transformar a embalagem em um diferencial competitivo.<\/p>\t\t\t\t\t\t\t\t<\/div>\n\t\t\t\t<div class=\"elementor-element elementor-element-2eeeb75 elementor-widget elementor-widget-button\" data-id=\"2eeeb75\" data-element_type=\"widget\" data-widget_type=\"button.default\">\n\t\t\t\t\t\t\t\t\t\t<a class=\"elementor-button elementor-button-link elementor-size-sm\" href=\"https:\/\/wa.me\/5511910433718\">\n\t\t\t\t\t\t<span class=\"elementor-button-content-wrapper\">\n\t\t\t\t\t\t\t\t\t<span class=\"elementor-button-text\">Saiba mais sobre n\u00f3s<\/span>\n\t\t\t\t\t<\/span>\n\t\t\t\t\t<\/a>\n\t\t\t\t\t\t\t\t<\/div>\n\t\t\t\t<\/div>\n\t\t\t\t<div class=\"elementor-element elementor-element-4fd2d9a elementor-widget__width-initial elementor-widget-mobile__width-initial elementor-widget elementor-widget-image\" data-id=\"4fd2d9a\" data-element_type=\"widget\" data-widget_type=\"image.default\">\n\t\t\t\t\t\t\t\t\t\t\t\t\t\t\t<img fetchpriority=\"high\" decoding=\"async\" width=\"620\" height=\"420\" src=\"https:\/\/www.srsembalagens.com.br\/site\/wp-content\/uploads\/2025\/11\/abrica.webp\" class=\"attachment-full size-full wp-image-303\" alt=\"\" srcset=\"https:\/\/www.srsembalagens.com.br\/site\/wp-content\/uploads\/2025\/11\/abrica.webp 620w, https:\/\/www.srsembalagens.com.br\/site\/wp-content\/uploads\/2025\/11\/abrica-300x203.webp 300w\" sizes=\"(max-width: 620px) 100vw, 620px\" \/>\t\t\t\t\t\t\t\t\t\t\t\t\t\t\t<\/div>\n\t\t\t\t\t<\/div>\n\t\t\t\t<\/div>\n\t\t<div class=\"elementor-element elementor-element-9451e9b e-flex e-con-boxed e-con e-parent\" data-id=\"9451e9b\" data-element_type=\"container\">\n\t\t\t\t\t<div class=\"e-con-inner\">\n\t\t\t\t<div class=\"elementor-element elementor-element-f9dc8d2 elementor-widget__width-initial elementor-widget-mobile__width-initial elementor-view-default elementor-position-block-start elementor-mobile-position-block-start elementor-widget elementor-widget-icon-box\" data-id=\"f9dc8d2\" data-element_type=\"widget\" data-widget_type=\"icon-box.default\">\n\t\t\t\t\t\t\t<div class=\"elementor-icon-box-wrapper\">\n\n\t\t\t\t\t\t<div class=\"elementor-icon-box-icon\">\n\t\t\t\t<span  class=\"elementor-icon\">\n\t\t\t\t<svg xmlns=\"http:\/\/www.w3.org\/2000\/svg\" xmlns:xlink=\"http:\/\/www.w3.org\/1999\/xlink\" width=\"512\" height=\"512\" x=\"0\" y=\"0\" viewBox=\"0 0 512 512.001\" style=\"enable-background:new 0 0 512 512\" xml:space=\"preserve\" class=\"\"><g><path d=\"M256.855 178.625c7.047 0 12.754-5.71 12.754-12.754 0-7.043-5.707-12.754-12.754-12.754-56.347 0-102.027 45.68-102.027 102.031 0 56.348 45.68 102.028 102.027 102.028 56.352 0 102.032-45.68 102.032-102.028 0-7.046-5.711-12.753-12.754-12.753-7.043 0-12.754 5.707-12.754 12.753 0 42.262-34.258 76.524-76.524 76.524-42.261 0-76.523-34.262-76.523-76.524 0-42.265 34.262-76.523 76.523-76.523zm0 0\" fill=\"#67c187\" opacity=\"1\" data-original=\"#000000\"><\/path><path d=\"M500.2 179.395c-2.216-6.692-9.434-10.32-16.13-8.106-6.539 2.164-10.18 9.125-8.23 15.73 38.14 121.458-29.399 250.836-150.856 288.977-121.453 38.14-250.832-29.398-288.972-150.855C-2.133 203.684 65.41 74.305 186.863 36.164a230.521 230.521 0 0 1 138.121 0c6.75 2.035 13.871-1.785 15.907-8.535 2.004-6.649-1.672-13.676-8.278-15.824C197.75-30.508 54.117 44.52 11.805 179.387-30.508 314.25 44.523 457.883 179.387 500.195c134.867 42.313 278.496-32.715 320.808-167.582a255.934 255.934 0 0 0 .004-153.218zm0 0\" fill=\"#67c187\" opacity=\"1\" data-original=\"#000000\"><\/path><path d=\"M281.145 91.117c.066-7.262-5.512-13.332-12.754-13.875-3.809-.324-7.621-.648-11.532-.648-98.613 0-178.554 79.941-178.554 178.554 0 98.61 79.941 178.551 178.554 178.551 98.61 0 178.551-79.941 178.551-178.55 0-4.614-.281-9.223-.847-13.801-1.02-7-7.52-11.848-14.52-10.828-7 1.015-11.848 7.52-10.832 14.52.039.265.086.526.14.792.278 3.09.551 6.152.551 9.309.004 84.527-68.515 153.046-153.039 153.054-84.527.004-153.047-68.52-153.05-153.043-.004-84.523 68.511-153.047 153.039-153.05h.003c3.165 0 6.23.273 9.313.546l2.39.2c6.665.285 12.297-4.887 12.579-11.551.004-.063.004-.121.008-.18zm0 0\" fill=\"#67c187\" opacity=\"1\" data-original=\"#000000\"><\/path><path d=\"M333.379 114.855v45.735l-85.54 85.539c-5.066 4.894-5.206 12.969-.312 18.035 4.895 5.066 12.97 5.207 18.035.313.106-.102.211-.207.313-.313l85.54-85.539h45.733c3.383 0 6.625-1.344 9.02-3.738l76.52-76.524c4.98-4.98 4.98-13.054 0-18.035a12.749 12.749 0 0 0-9.016-3.734H435.41V38.332c0-7.043-5.71-12.754-12.758-12.75a12.747 12.747 0 0 0-9.011 3.734l-76.524 76.524a12.736 12.736 0 0 0-3.738 9.015zm25.508 5.282 51.015-51.016v20.227c0 7.043 5.711 12.754 12.754 12.754h20.227l-51.016 51.015h-32.98zm0 0\" fill=\"#67c187\" opacity=\"1\" data-original=\"#000000\"><\/path><\/g><\/svg>\t\t\t\t<\/span>\n\t\t\t<\/div>\n\t\t\t\n\t\t\t\t\t\t<div class=\"elementor-icon-box-content\">\n\n\t\t\t\t\t\t\t\t\t<h3 class=\"elementor-icon-box-title\">\n\t\t\t\t\t\t<span  >\n\t\t\t\t\t\t\tMiss\u00e3o\t\t\t\t\t\t<\/span>\n\t\t\t\t\t<\/h3>\n\t\t\t\t\n\t\t\t\t\t\t\t\t\t<p class=\"elementor-icon-box-description\">\n\t\t\t\t\t\tFornecer embalagens que agregam valor \u00e0s marcas, com inova\u00e7\u00e3o, credibilidade e excel\u00eancia.\n\t\t\t\t\t<\/p>\n\t\t\t\t\n\t\t\t<\/div>\n\t\t\t\n\t\t<\/div>\n\t\t\t\t\t\t<\/div>\n\t\t\t\t<div class=\"elementor-element elementor-element-6cd36bf elementor-widget__width-initial elementor-widget-mobile__width-initial elementor-view-default elementor-position-block-start elementor-mobile-position-block-start elementor-widget elementor-widget-icon-box\" data-id=\"6cd36bf\" data-element_type=\"widget\" data-widget_type=\"icon-box.default\">\n\t\t\t\t\t\t\t<div class=\"elementor-icon-box-wrapper\">\n\n\t\t\t\t\t\t<div class=\"elementor-icon-box-icon\">\n\t\t\t\t<span  class=\"elementor-icon\">\n\t\t\t\t<svg xmlns=\"http:\/\/www.w3.org\/2000\/svg\" xmlns:xlink=\"http:\/\/www.w3.org\/1999\/xlink\" width=\"512\" height=\"512\" x=\"0\" y=\"0\" viewBox=\"0 0 682.667 682.667\" style=\"enable-background:new 0 0 512 512\" xml:space=\"preserve\" class=\"\"><g><defs><clipPath id=\"a\" clipPathUnits=\"userSpaceOnUse\"><path d=\"M0 512h512V0H0Z\" fill=\"#67c187\" opacity=\"1\" data-original=\"#000000\"><\/path><\/clipPath><\/defs><g clip-path=\"url(#a)\" transform=\"matrix(1.33333 0 0 -1.33333 0 682.667)\"><path d=\"M0 0a9.85 9.85 0 0 1-5.36 1.57c-5.52 0-10-4.48-10-10 0-2.62 1.009-5.01 2.66-6.79a9.955 9.955 0 0 1 7.34-3.21c5.519 0 10 4.48 10 10C4.64-4.88 2.79-1.77 0 0\" style=\"fill-opacity:1;fill-rule:nonzero;stroke:none\" transform=\"translate(201.36 314.43)\" fill=\"#67c187\" data-original=\"#000000\" opacity=\"1\"><\/path><path d=\"M0 0v-66\" style=\"stroke-width:20;stroke-linecap:round;stroke-linejoin:round;stroke-miterlimit:4;stroke-dasharray:none;stroke-opacity:1\" transform=\"translate(256 502)\" fill=\"none\" stroke=\"#67c187\" stroke-width=\"20\" stroke-linecap=\"round\" stroke-linejoin=\"round\" stroke-miterlimit=\"4\" stroke-dasharray=\"none\" stroke-opacity=\"\" data-original=\"#000000\" opacity=\"1\" class=\"\"><\/path><path d=\"M0 0v-66\" style=\"stroke-width:20;stroke-linecap:round;stroke-linejoin:round;stroke-miterlimit:4;stroke-dasharray:none;stroke-opacity:1\" transform=\"translate(256 76)\" fill=\"none\" stroke=\"#67c187\" stroke-width=\"20\" stroke-linecap=\"round\" stroke-linejoin=\"round\" stroke-miterlimit=\"4\" stroke-dasharray=\"none\" stroke-opacity=\"\" data-original=\"#000000\" opacity=\"1\" class=\"\"><\/path><path d=\"m0 0 42.43-42.43\" style=\"stroke-width:20;stroke-linecap:round;stroke-linejoin:round;stroke-miterlimit:4;stroke-dasharray:none;stroke-opacity:1\" transform=\"translate(66.29 425.71)\" fill=\"none\" stroke=\"#67c187\" stroke-width=\"20\" stroke-linecap=\"round\" stroke-linejoin=\"round\" stroke-miterlimit=\"4\" stroke-dasharray=\"none\" stroke-opacity=\"\" data-original=\"#000000\" opacity=\"1\" class=\"\"><\/path><path d=\"m0 0 42.43-42.43\" style=\"stroke-width:20;stroke-linecap:round;stroke-linejoin:round;stroke-miterlimit:4;stroke-dasharray:none;stroke-opacity:1\" transform=\"translate(403.28 118.72)\" fill=\"none\" stroke=\"#67c187\" stroke-width=\"20\" stroke-linecap=\"round\" stroke-linejoin=\"round\" stroke-miterlimit=\"4\" stroke-dasharray=\"none\" stroke-opacity=\"\" data-original=\"#000000\" opacity=\"1\" class=\"\"><\/path><path d=\"m0 0-42.43-42.43\" style=\"stroke-width:20;stroke-linecap:round;stroke-linejoin:round;stroke-miterlimit:4;stroke-dasharray:none;stroke-opacity:1\" transform=\"translate(445.71 425.71)\" fill=\"none\" stroke=\"#67c187\" stroke-width=\"20\" stroke-linecap=\"round\" stroke-linejoin=\"round\" stroke-miterlimit=\"4\" stroke-dasharray=\"none\" stroke-opacity=\"\" data-original=\"#000000\" opacity=\"1\" class=\"\"><\/path><path d=\"m0 0-42.43-42.43\" style=\"stroke-width:20;stroke-linecap:round;stroke-linejoin:round;stroke-miterlimit:4;stroke-dasharray:none;stroke-opacity:1\" transform=\"translate(108.72 118.72)\" fill=\"none\" stroke=\"#67c187\" stroke-width=\"20\" stroke-linecap=\"round\" stroke-linejoin=\"round\" stroke-miterlimit=\"4\" stroke-dasharray=\"none\" stroke-opacity=\"\" data-original=\"#000000\" opacity=\"1\" class=\"\"><\/path><path d=\"M0 0s-87.45-130-220-130S-440 0-440 0s87.45 130 220 130S0 0 0 0Z\" style=\"stroke-width:20;stroke-linecap:round;stroke-linejoin:round;stroke-miterlimit:4;stroke-dasharray:none;stroke-opacity:1\" transform=\"translate(476 256)\" fill=\"none\" stroke=\"#67c187\" stroke-width=\"20\" stroke-linecap=\"round\" stroke-linejoin=\"round\" stroke-miterlimit=\"4\" stroke-dasharray=\"none\" stroke-opacity=\"\" data-original=\"#000000\" opacity=\"1\" class=\"\"><\/path><path d=\"M0 0c.359.14.72.27 1.08.4.399.15.8.29 1.2.43.36.13.72.25 1.09.37a60.658 60.658 0 0 0 3.31 1.02c.61.18 1.23.35 1.86.51.66.17 1.319.33 1.98.48.62.14 1.23.28 1.85.4.5.11 1 .21 1.51.3.44.08.88.16 1.32.23.239.05.489.09.739.12.451.08.901.14 1.351.2.12.02.23.04.35.05.38.06.77.11 1.16.16.42.05.84.1 1.26.14l.6.06c.43.05.87.09 1.3.12.229.02.46.04.689.05.29.03.591.05.881.06.43.03.869.05 1.3.07.56.03 1.12.05 1.69.06.68.02 1.379.03 2.07.03 44.18 0 80-35.82 80-80 0-13.81-3.5-26.8-9.66-38.13a77.81 77.81 0 0 0-2.951-4.99c-.639-1-1.299-1.98-1.979-2.95-.07-.1-.141-.19-.21-.29a74.414 74.414 0 0 0-4.681-5.95 77.586 77.586 0 0 0-3.92-4.22 75.491 75.491 0 0 0-3.809-3.57 79.582 79.582 0 0 0-18.31-12.1c-1.1-.53-2.211-1.03-3.341-1.51a80.376 80.376 0 0 0-7.349-2.69c-2.51-.78-5.06-1.44-7.67-1.97a80.063 80.063 0 0 0-16.12-1.63c-44.18 0-80 35.82-80 80 0 .69.01 1.38.03 2.06.01.56.029 1.11.06 1.67a69.819 69.819 0 0 0 .11 2c.04.48.069.96.12 1.44l.029.35c.051.57.111 1.14.181 1.7v.02c.069.6.14 1.2.23 1.8.06.45.12.9.2 1.35.08.6.179 1.18.29 1.77.019.16.05.31.08.47\" style=\"stroke-width:20;stroke-linecap:round;stroke-linejoin:round;stroke-miterlimit:4;stroke-dasharray:none;stroke-opacity:1\" transform=\"translate(227.41 330.74)\" fill=\"none\" stroke=\"#67c187\" stroke-width=\"20\" stroke-linecap=\"round\" stroke-linejoin=\"round\" stroke-miterlimit=\"4\" stroke-dasharray=\"none\" stroke-opacity=\"\" data-original=\"#000000\" opacity=\"1\" class=\"\"><\/path><path d=\"M0 0c-16.54 0-30 13.46-30 30s13.46 30 30 30 30-13.46 30-30S16.54 0 0 0Z\" style=\"stroke-width:20;stroke-linecap:round;stroke-linejoin:round;stroke-miterlimit:4;stroke-dasharray:none;stroke-opacity:1\" transform=\"translate(256 226)\" fill=\"none\" stroke=\"#67c187\" stroke-width=\"20\" stroke-linecap=\"round\" stroke-linejoin=\"round\" stroke-miterlimit=\"4\" stroke-dasharray=\"none\" stroke-opacity=\"\" data-original=\"#000000\" opacity=\"1\" class=\"\"><\/path><\/g><\/g><\/svg>\t\t\t\t<\/span>\n\t\t\t<\/div>\n\t\t\t\n\t\t\t\t\t\t<div class=\"elementor-icon-box-content\">\n\n\t\t\t\t\t\t\t\t\t<h3 class=\"elementor-icon-box-title\">\n\t\t\t\t\t\t<span  >\n\t\t\t\t\t\t\tVis\u00e3o\t\t\t\t\t\t<\/span>\n\t\t\t\t\t<\/h3>\n\t\t\t\t\n\t\t\t\t\t\t\t\t\t<p class=\"elementor-icon-box-description\">\n\t\t\t\t\t\tSer refer\u00eancia em embalagens pl\u00e1sticas no Brasil e no exterior, consolidando qualidade e lideran\u00e7a de mercado.\n\t\t\t\t\t<\/p>\n\t\t\t\t\n\t\t\t<\/div>\n\t\t\t\n\t\t<\/div>\n\t\t\t\t\t\t<\/div>\n\t\t\t\t<div class=\"elementor-element elementor-element-984e1d9 elementor-widget__width-initial elementor-widget-mobile__width-initial elementor-view-default elementor-position-block-start elementor-mobile-position-block-start elementor-widget elementor-widget-icon-box\" data-id=\"984e1d9\" data-element_type=\"widget\" data-widget_type=\"icon-box.default\">\n\t\t\t\t\t\t\t<div class=\"elementor-icon-box-wrapper\">\n\n\t\t\t\t\t\t<div class=\"elementor-icon-box-icon\">\n\t\t\t\t<span  class=\"elementor-icon\">\n\t\t\t\t<svg xmlns=\"http:\/\/www.w3.org\/2000\/svg\" xmlns:xlink=\"http:\/\/www.w3.org\/1999\/xlink\" width=\"512\" height=\"512\" x=\"0\" y=\"0\" viewBox=\"0 0 512 512\" style=\"enable-background:new 0 0 512 512\" xml:space=\"preserve\"><g><path d=\"m454.254 258.609-55.703-86.019a23.241 23.241 0 0 0-19.58-10.648H133.204a23.245 23.245 0 0 0-19.563 10.621l-55.876 86.03c-5.71 8.79-4.828 20.396 2.145 28.222l178.662 200.58a23.348 23.348 0 0 0 17.418 7.812h.001a23.351 23.351 0 0 0 17.419-7.811l178.682-200.592c6.963-7.817 7.852-19.411 2.162-28.195zm-86.567-76.668-46.846 72.44-46.874-72.44h93.72zm-65.225 80.852h-92.944l46.472-71.819 46.472 71.819zm-64.449-80.85-46.745 72.241-46.729-72.241h93.474zm-111.965 8.235 46.97 72.615H78.885l47.163-72.615zm-42.939 92.615h100.645l53.216 172.735L83.109 282.793zM255.99 449.336l-51.309-166.543h102.618L255.99 449.336zm19.019 6.198 53.218-172.74h100.654l-153.872 172.74zm64.211-192.741 46.927-72.565 46.989 72.565H339.22zM30.333 262.793H10c-5.522 0-10 4.477-10 10s4.478 10 10 10h20.333c5.522 0 10-4.477 10-10s-4.478-10-10-10zM502 262.793h-20.333c-5.522 0-10 4.477-10 10s4.478 10 10 10H502c5.522 0 10-4.477 10-10s-4.478-10-10-10zM437.146 91.826c-3.906-3.905-10.236-3.905-14.143 0l-33.217 33.217c-3.905 3.905-3.905 10.237 0 14.142a9.972 9.972 0 0 0 7.072 2.929 9.97 9.97 0 0 0 7.071-2.929l33.217-33.217c3.905-3.905 3.905-10.236 0-14.142zM122.646 124.865 89.43 91.647c-3.904-3.905-10.234-3.905-14.143 0-3.905 3.905-3.905 10.237 0 14.142l33.217 33.217a9.968 9.968 0 0 0 7.071 2.929 9.972 9.972 0 0 0 7.071-2.929c3.905-3.904 3.905-10.237 0-14.141zM256.254 16.793c-5.522 0-10 4.477-10 10v65.168c0 5.523 4.477 10 10 10 5.522 0 10-4.477 10-10V26.793c0-5.522-4.478-10-10-10zM263.319 118.72c-1.859-1.86-4.439-2.93-7.069-2.93s-5.21 1.07-7.07 2.93a10.076 10.076 0 0 0-2.93 7.07c0 2.64 1.069 5.21 2.93 7.07 1.86 1.87 4.44 2.93 7.07 2.93s5.21-1.06 7.069-2.93c1.87-1.86 2.931-4.44 2.931-7.07s-1.061-5.209-2.931-7.07z\" fill=\"#67c187\" opacity=\"1\" data-original=\"#000000\"><\/path><\/g><\/svg>\t\t\t\t<\/span>\n\t\t\t<\/div>\n\t\t\t\n\t\t\t\t\t\t<div class=\"elementor-icon-box-content\">\n\n\t\t\t\t\t\t\t\t\t<h3 class=\"elementor-icon-box-title\">\n\t\t\t\t\t\t<span  >\n\t\t\t\t\t\t\tValores\t\t\t\t\t\t<\/span>\n\t\t\t\t\t<\/h3>\n\t\t\t\t\n\t\t\t\t\t\t\t\t\t<p class=\"elementor-icon-box-description\">\n\t\t\t\t\t\tInova\u00e7\u00e3o, Excel\u00eancia,\u2028Responsabilidade\u2028,Honestidade, Compromisso com o sucesso dos clientes\n\t\t\t\t\t<\/p>\n\t\t\t\t\n\t\t\t<\/div>\n\t\t\t\n\t\t<\/div>\n\t\t\t\t\t\t<\/div>\n\t\t\t\t\t<\/div>\n\t\t\t\t<\/div>\n\t\t\t\t<\/div>\n\t\t","protected":false},"excerpt":{"rendered":"<p>Quem somos Mais de 30 anos embalando hist\u00f3rias de sucesso Desde 1994, a SRS Embalagens se dedica a desenvolver solu\u00e7\u00f5es em embalagens pl\u00e1sticas que unem design, funcionalidade e qualidade.Nosso compromisso vai al\u00e9m da produ\u00e7\u00e3o: buscamos ser parceiros estrat\u00e9gicos, ajudando nossos clientes a transformar a embalagem em um diferencial competitivo. Saiba mais sobre n\u00f3s Miss\u00e3o Fornecer [&hellip;]<\/p>\n","protected":false},"author":1,"featured_media":0,"parent":0,"menu_order":0,"comment_status":"closed","ping_status":"closed","template":"elementor_theme","meta":{"footnotes":""},"class_list":["post-139","page","type-page","status-publish","hentry"],"_links":{"self":[{"href":"https:\/\/www.srsembalagens.com.br\/site\/wp-json\/wp\/v2\/pages\/139","targetHints":{"allow":["GET"]}}],"collection":[{"href":"https:\/\/www.srsembalagens.com.br\/site\/wp-json\/wp\/v2\/pages"}],"about":[{"href":"https:\/\/www.srsembalagens.com.br\/site\/wp-json\/wp\/v2\/types\/page"}],"author":[{"embeddable":true,"href":"https:\/\/www.srsembalagens.com.br\/site\/wp-json\/wp\/v2\/users\/1"}],"replies":[{"embeddable":true,"href":"https:\/\/www.srsembalagens.com.br\/site\/wp-json\/wp\/v2\/comments?post=139"}],"version-history":[{"count":31,"href":"https:\/\/www.srsembalagens.com.br\/site\/wp-json\/wp\/v2\/pages\/139\/revisions"}],"predecessor-version":[{"id":383,"href":"https:\/\/www.srsembalagens.com.br\/site\/wp-json\/wp\/v2\/pages\/139\/revisions\/383"}],"wp:attachment":[{"href":"https:\/\/www.srsembalagens.com.br\/site\/wp-json\/wp\/v2\/media?parent=139"}],"curies":[{"name":"wp","href":"https:\/\/api.w.org\/{rel}","templated":true}]}}